{"id":436,"date":"2026-01-28T10:35:41","date_gmt":"2026-01-28T09:35:41","guid":{"rendered":"https:\/\/luisekamp.offbeatudvikling.dk\/therapy\/"},"modified":"2026-02-10T08:48:52","modified_gmt":"2026-02-10T07:48:52","slug":"therapy","status":"publish","type":"page","link":"https:\/\/luisekamp.offbeatudvikling.dk\/en\/therapy\/","title":{"rendered":"Therapy"},"content":{"rendered":"<p>[et_pb_section fb_built=&#8221;1&#8243; custom_padding_last_edited=&#8221;on|phone&#8221; _builder_version=&#8221;4.27.4&#8243; _module_preset=&#8221;default&#8221; use_background_color_gradient=&#8221;on&#8221; background_color_gradient_stops=&#8221;rgba(247,247,239,0.39) 0%|rgba(243,242,229,0.55) 50%|#f7f7ef 100%&#8221; background_color_gradient_overlays_image=&#8221;on&#8221; background_image=&#8221;https:\/\/luisekamp.offbeatudvikling.dk\/wp-content\/uploads\/2026\/01\/terapi.jpg&#8221; custom_margin=&#8221;||||false|false&#8221; custom_padding=&#8221;20vh||0vh||false|false&#8221; custom_padding_tablet=&#8221;20vh||20vh||false|false&#8221; custom_padding_phone=&#8221;8vh||8vh||true|false&#8221; global_colors_info=&#8221;{}&#8221;][et_pb_row _builder_version=&#8221;4.27.4&#8243; _module_preset=&#8221;default&#8221; custom_margin=&#8221;5vh|auto||auto|false|false&#8221; custom_margin_tablet=&#8221;5vh||5vh||true|false&#8221; custom_margin_phone=&#8221;5vh||0vh||false|false&#8221; custom_margin_last_edited=&#8221;on|phone&#8221; global_colors_info=&#8221;{}&#8221;][et_pb_column type=&#8221;4_4&#8243; _builder_version=&#8221;4.27.4&#8243; _module_preset=&#8221;default&#8221; global_colors_info=&#8221;{}&#8221;][et_pb_text _builder_version=&#8221;4.27.4&#8243; _module_preset=&#8221;896b8b55-ef2d-4db7-aa2b-7542101a85ae&#8221; custom_margin=&#8221;||0px|||&#8221; global_colors_info=&#8221;{}&#8221;]<\/p>\n<h4>Therapy<\/h4>\n<p>[\/et_pb_text][et_pb_text _builder_version=&#8221;4.27.4&#8243; _module_preset=&#8221;dc83dcc9-4a11-4b33-91ec-9c537986813a&#8221; global_colors_info=&#8221;{}&#8221;]<\/p>\n<h1>A safe space for understanding, change, and self-care<\/h1>\n<p>[\/et_pb_text][\/et_pb_column][\/et_pb_row][et_pb_row column_structure=&#8221;3_4,1_4&#8243; _builder_version=&#8221;4.27.4&#8243; _module_preset=&#8221;default&#8221; custom_padding=&#8221;15px|||||&#8221; global_colors_info=&#8221;{}&#8221;][et_pb_column type=&#8221;3_4&#8243; _builder_version=&#8221;4.27.4&#8243; _module_preset=&#8221;default&#8221; global_colors_info=&#8221;{}&#8221;][et_pb_text _builder_version=&#8221;4.27.4&#8243; _module_preset=&#8221;8fed819d-d7a1-466f-bfb1-c2849772d0b5&#8243; header_3_font_size_phone=&#8221;28px&#8221; global_colors_info=&#8221;{}&#8221;]<\/p>\n<p>Therapy can help you better understand yourself, find new ways of managing life\u2019s demands, and meet yourself with greater kindness. Together, we work with both vulnerabilities and strengths \u2013 keeping the whole of you in focus.<\/p>\n<p>In therapy, the focus is on both understanding and change. You will have the opportunity to explore patterns, try out new ways of acting, and work with what brings meaning and strength to your life. The sessions take place in a safe and professional space and are always based on your needs.<\/p>\n<p>[\/et_pb_text][et_pb_button button_url=&#8221;@ET-DC@eyJkeW5hbWljIjp0cnVlLCJjb250ZW50IjoicG9zdF9saW5rX3VybF9wYWdlIiwic2V0dGluZ3MiOnsicG9zdF9pZCI6IjE5OCJ9fQ==@&#8221; button_text=&#8221;Contact me&#8221; _builder_version=&#8221;4.27.4&#8243; _dynamic_attributes=&#8221;button_url&#8221; _module_preset=&#8221;default&#8221; global_colors_info=&#8221;{}&#8221;][\/et_pb_button][\/et_pb_column][et_pb_column type=&#8221;1_4&#8243; _builder_version=&#8221;4.27.4&#8243; _module_preset=&#8221;default&#8221; global_colors_info=&#8221;{}&#8221;][\/et_pb_column][\/et_pb_row][\/et_pb_section][et_pb_section fb_built=&#8221;1&#8243; _builder_version=&#8221;4.27.4&#8243; _module_preset=&#8221;default&#8221; background_color=&#8221;#F7F7EF&#8221; custom_padding=&#8221;7px|||||&#8221; global_colors_info=&#8221;{}&#8221;][et_pb_row column_structure=&#8221;2_3,1_3&#8243; _builder_version=&#8221;4.27.4&#8243; _module_preset=&#8221;default&#8221; global_colors_info=&#8221;{}&#8221;][et_pb_column type=&#8221;2_3&#8243; _builder_version=&#8221;4.27.4&#8243; _module_preset=&#8221;default&#8221; global_colors_info=&#8221;{}&#8221;][et_pb_text _builder_version=&#8221;4.27.4&#8243; _module_preset=&#8221;8fed819d-d7a1-466f-bfb1-c2849772d0b5&#8243; header_3_font_size_phone=&#8221;28px&#8221; global_colors_info=&#8221;{}&#8221;]<\/p>\n<h3>Stress-related responses<\/h3>\n<p>Stress-related responses often develop over time, when psychological demands, responsibilities, or life circumstances exceed what one can manage. Many people experience persistent inner restlessness and emotional exhaustion, difficulties with concentration, or a sense of being stuck in a constant state of alert \u2013 even when external pressures may have eased.<\/p>\n<p>In therapy, the focus is on developing a nuanced understanding of how the strain has arisen and is maintained, including the interplay between external circumstances and internal coping. Based on cognitive behavioural therapy, work is carried out systematically with the thought and behavioural patterns that often develop to cope, but which over time can contribute to ongoing strain.<\/p>\n<p>A central element of the work is emotional regulation and the relationship to oneself. Many strain-related reactions are accompanied by pronounced self-criticism, guilt or a sense of not being good enough. Here, compassion-focused therapy (CFT) is integrated to support the development of a more supportive and regulating inner stance, which can reduce stress activation and create better conditions for recovery. <\/p>\n<p>Treatment therefore focuses both on understanding and on more fundamental changes in how you relate to yourself, your boundaries and your needs.<\/p>\n<p>[\/et_pb_text][\/et_pb_column][et_pb_column type=&#8221;1_3&#8243; _builder_version=&#8221;4.27.4&#8243; _module_preset=&#8221;default&#8221; global_colors_info=&#8221;{}&#8221;][\/et_pb_column][\/et_pb_row][\/et_pb_section][et_pb_section fb_built=&#8221;1&#8243; disabled_on=&#8221;off|off|off&#8221; _builder_version=&#8221;4.27.4&#8243; _module_preset=&#8221;14a7e549-d1c3-4d44-a43d-1422a83ac859&#8243; background_color_gradient_stops=&#8221;#f7f7ef 0%|#f7f7ef 50%|#d6dad9 50%|#d6dad9 99%&#8221; background_color_phone=&#8221;#D6DAD9&#8243; background_enable_color_phone=&#8221;on&#8221; use_background_color_gradient_phone=&#8221;off&#8221; global_colors_info=&#8221;{}&#8221;][et_pb_row column_structure=&#8221;1_2,1_2&#8243; _builder_version=&#8221;4.27.4&#8243; _module_preset=&#8221;cc8a29a2-4464-46e6-a7f9-fd2ad6c13b27&#8243; custom_margin_tablet=&#8221;&#8221; custom_margin_phone=&#8221;|auto||auto|false|false&#8221; custom_margin_last_edited=&#8221;on|phone&#8221; global_colors_info=&#8221;{}&#8221;][et_pb_column type=&#8221;1_2&#8243; _builder_version=&#8221;4.27.4&#8243; _module_preset=&#8221;default&#8221; custom_padding=&#8221;|2vw|||false|false&#8221; custom_padding_tablet=&#8221;|2vw|||false|false&#8221; custom_padding_phone=&#8221;|2vw|||false|false&#8221; custom_padding_last_edited=&#8221;on|phone&#8221; global_colors_info=&#8221;{}&#8221;][et_pb_text _builder_version=&#8221;4.27.4&#8243; _module_preset=&#8221;fa693b44-ccb5-4054-80c3-37290098d966&#8243; global_colors_info=&#8221;{}&#8221;]<\/p>\n<h2>Adults diagnosed with ADHD later in life<\/h2>\n<p>[\/et_pb_text][et_pb_text ul_type=&#8221;circle&#8221; _builder_version=&#8221;4.27.4&#8243; _module_preset=&#8221;default&#8221; global_colors_info=&#8221;{}&#8221;]<\/p>\n<p>En ADHD-diagnose stillet i voksenalder kan v\u00e6kke b\u00e5de lettelse, vrede og mange sp\u00f8rgsm\u00e5l.<\/p>\n<p>For many, the diagnosis also prompts reflection on earlier life experiences and can be accompanied by grief, frustration or self-criticism related to years marked by repeated setbacks, misunderstandings or a feeling of not quite measuring up.<\/p>\n<p>In therapy, we focus on creating a coherent and meaningful understanding of how ADHD has influenced your attention, emotional regulation, relationships and self-image over time.<\/p>\n<p>The focus is on developing a more accepting and realistic approach to one\u2019s own resources, as well as on strengthening the ability for self-care and effective self-regulation.<\/p>\n<p>[\/et_pb_text][\/et_pb_column][et_pb_column type=&#8221;1_2&#8243; _builder_version=&#8221;4.27.4&#8243; _module_preset=&#8221;default&#8221; custom_padding=&#8221;|||3vw|false|false&#8221; custom_padding_tablet=&#8221;|||3vw|false|false&#8221; custom_padding_phone=&#8221;|||0vw|false|false&#8221; custom_padding_last_edited=&#8221;on|desktop&#8221; global_colors_info=&#8221;{}&#8221;][et_pb_text _builder_version=&#8221;4.27.4&#8243; _module_preset=&#8221;fa693b44-ccb5-4054-80c3-37290098d966&#8243; custom_padding=&#8221;||||false|false&#8221; global_colors_info=&#8221;{}&#8221;]<\/p>\n<h2>Online therapy<\/h2>\n<p>[\/et_pb_text][et_pb_text ul_type=&#8221;circle&#8221; _builder_version=&#8221;4.27.4&#8243; _module_preset=&#8221;default&#8221; custom_padding_tablet=&#8221;&#8221; custom_padding_phone=&#8221;||||false|false&#8221; custom_padding_last_edited=&#8221;on|phone&#8221; global_colors_info=&#8221;{}&#8221;]<\/p>\n<p>I offer individual online sessions as well as courses and group programmes for those seeking a safe space for professional reflection, dialogue and development.<\/p>\n<p>Current programmes include:<\/p>\n<p><span style=\"text-decoration: underline;\">Interdisciplinary group supervision<\/span> (Autumn 2026 \u2013 online)<\/p>\n<ul>\n<li>For social and healthcare professionals<\/li>\n<\/ul>\n<p><span style=\"text-decoration: underline;\">Themed day: When caring takes its toll<\/span><\/p>\n<ul>\n<li>On compassion fatigue, emotional exhaustion, and professional shame<\/li>\n<\/ul>\n<ul><\/ul>\n<p>[\/et_pb_text][\/et_pb_column][\/et_pb_row][\/et_pb_section][et_pb_section fb_built=&#8221;1&#8243; _builder_version=&#8221;4.27.4&#8243; _module_preset=&#8221;default&#8221; background_color=&#8221;#E4DCB8&#8243; background_enable_image=&#8221;off&#8221; custom_padding=&#8221;4px||5px|||&#8221; global_module=&#8221;396&#8243; global_colors_info=&#8221;{}&#8221;][et_pb_row _builder_version=&#8221;4.27.4&#8243; _module_preset=&#8221;default&#8221; width_tablet=&#8221;&#8221; width_phone=&#8221;90%&#8221; width_last_edited=&#8221;on|phone&#8221; custom_padding=&#8221;9px||11px|||&#8221; global_colors_info=&#8221;{}&#8221;][et_pb_column type=&#8221;4_4&#8243; _builder_version=&#8221;4.27.4&#8243; _module_preset=&#8221;default&#8221; global_colors_info=&#8221;{}&#8221;][et_pb_slider show_arrows_tablet=&#8221;&#8221; show_arrows_phone=&#8221;off&#8221; show_arrows_last_edited=&#8221;on|phone&#8221; _builder_version=&#8221;4.27.4&#8243; _module_preset=&#8221;default&#8221; background_enable_color=&#8221;off&#8221; custom_padding=&#8221;8vh||8vh||true|false&#8221; global_colors_info=&#8221;{}&#8221;][et_pb_slide heading=&#8221;Amanda 23&#8243; _builder_version=&#8221;4.27.4&#8243; _module_preset=&#8221;default&#8221; header_level=&#8221;h2&#8243; header_font=&#8221;|600|||||||&#8221; header_font_size=&#8221;30px&#8221; body_text_color=&#8221;#23221E&#8221; body_font_size=&#8221;18px&#8221; background_enable_color=&#8221;off&#8221; background_layout=&#8221;light&#8221; custom_padding=&#8221;||||false|false&#8221; global_colors_info=&#8221;{}&#8221; sticky_transition=&#8221;on&#8221;]<\/p>\n<p>I started therapy with Luise because I was under a great deal of pressure. I was on sick leave from work, felt that something was wrong with me, and carried a great deal of guilt about no longer being able to manage what I once could. With Luise, I felt met with calm and understanding, and it made a great difference that I did not have to perform or \u201cpull myself together\u201d.<\/p>\n<p>The conversations helped me better understand my thoughts and reactions, and I learned to be more attentive to my own boundaries. The process has given me greater self-confidence and a stronger belief in myself. I have become better at managing my thoughts and being less self-critical. I feel much more at ease with myself now than before I started therapy with Luise.<\/p>\n<p>[\/et_pb_slide][et_pb_slide heading=&#8221;S\u00f8ren, 41 years, teacher&#8221; _builder_version=&#8221;4.27.4&#8243; _module_preset=&#8221;default&#8221; header_level=&#8221;h2&#8243; header_font=&#8221;|600|||||||&#8221; header_font_size=&#8221;30px&#8221; body_text_color=&#8221;#23221E&#8221; body_font_size=&#8221;18px&#8221; background_enable_color=&#8221;off&#8221; background_layout=&#8221;light&#8221; custom_padding=&#8221;||||false|false&#8221; global_colors_info=&#8221;{}&#8221; sticky_transition=&#8221;on&#8221;]<\/p>\n<p>Luise creates a safe space where you feel seen and understood. The conversations have given me greater calm and concrete tools that make a real difference in my everyday life. Luise is highly relevant and comes across as very professional.<\/p>\n<p>[\/et_pb_slide][\/et_pb_slider][\/et_pb_column][\/et_pb_row][\/et_pb_section]<\/p>\n","protected":false},"excerpt":{"rendered":"<p>TherapyA safe space for understanding, change, and self-careTherapy can help you better understand yourself, find new ways of managing life\u2019s demands, and meet yourself with greater kindness. Together, we work with both vulnerabilities and strengths \u2013 keeping the whole of you in focus. In therapy, the focus is on both understanding and change. You will [&hellip;]<\/p>\n","protected":false},"author":4,"featured_media":0,"parent":0,"menu_order":0,"comment_status":"closed","ping_status":"closed","template":"","meta":{"_et_pb_use_builder":"on","_et_pb_old_content":"","_et_gb_content_width":"","footnotes":""},"class_list":["post-436","page","type-page","status-publish","hentry"],"yoast_head":"<!-- This site is optimized with the Yoast SEO plugin v26.9 - https:\/\/yoast.com\/product\/yoast-seo-wordpress\/ -->\n<title>Therapy - Duplicator hjemmeside<\/title>\n<meta name=\"robots\" content=\"noindex, follow, max-snippet:-1, max-image-preview:large, max-video-preview:-1\" \/>\n<meta property=\"og:locale\" content=\"en_US\" \/>\n<meta property=\"og:type\" content=\"article\" \/>\n<meta property=\"og:title\" content=\"Therapy - Duplicator hjemmeside\" \/>\n<meta property=\"og:description\" content=\"TherapyA safe space for understanding, change, and self-careTherapy can help you better understand yourself, find new ways of managing life\u2019s demands, and meet yourself with greater kindness. Together, we work with both vulnerabilities and strengths \u2013 keeping the whole of you in focus. In therapy, the focus is on both understanding and change. You will [&hellip;]\" \/>\n<meta property=\"og:url\" content=\"https:\/\/luisekamp.offbeatudvikling.dk\/en\/therapy\/\" \/>\n<meta property=\"og:site_name\" content=\"Duplicator hjemmeside\" \/>\n<meta property=\"article:modified_time\" content=\"2026-02-10T07:48:52+00:00\" \/>\n<meta name=\"twitter:card\" content=\"summary_large_image\" \/>\n<meta name=\"twitter:label1\" content=\"Est. reading time\" \/>\n\t<meta name=\"twitter:data1\" content=\"8 minutes\" \/>\n<script type=\"application\/ld+json\" class=\"yoast-schema-graph\">{\"@context\":\"https:\/\/schema.org\",\"@graph\":[{\"@type\":\"WebPage\",\"@id\":\"https:\/\/luisekamp.offbeatudvikling.dk\/en\/therapy\/\",\"url\":\"https:\/\/luisekamp.offbeatudvikling.dk\/en\/therapy\/\",\"name\":\"Therapy - Duplicator hjemmeside\",\"isPartOf\":{\"@id\":\"https:\/\/luisekamp.offbeatudvikling.dk\/en\/#website\"},\"datePublished\":\"2026-01-28T09:35:41+00:00\",\"dateModified\":\"2026-02-10T07:48:52+00:00\",\"breadcrumb\":{\"@id\":\"https:\/\/luisekamp.offbeatudvikling.dk\/en\/therapy\/#breadcrumb\"},\"inLanguage\":\"en-US\",\"potentialAction\":[{\"@type\":\"ReadAction\",\"target\":[\"https:\/\/luisekamp.offbeatudvikling.dk\/en\/therapy\/\"]}]},{\"@type\":\"BreadcrumbList\",\"@id\":\"https:\/\/luisekamp.offbeatudvikling.dk\/en\/therapy\/#breadcrumb\",\"itemListElement\":[{\"@type\":\"ListItem\",\"position\":1,\"name\":\"Hjem\",\"item\":\"https:\/\/luisekamp.offbeatudvikling.dk\/en\/\"},{\"@type\":\"ListItem\",\"position\":2,\"name\":\"Therapy\"}]},{\"@type\":\"WebSite\",\"@id\":\"https:\/\/luisekamp.offbeatudvikling.dk\/en\/#website\",\"url\":\"https:\/\/luisekamp.offbeatudvikling.dk\/en\/\",\"name\":\"Duplicator hjemmeside\",\"description\":\"Tema fra Offbeat media\",\"potentialAction\":[{\"@type\":\"SearchAction\",\"target\":{\"@type\":\"EntryPoint\",\"urlTemplate\":\"https:\/\/luisekamp.offbeatudvikling.dk\/en\/?s={search_term_string}\"},\"query-input\":{\"@type\":\"PropertyValueSpecification\",\"valueRequired\":true,\"valueName\":\"search_term_string\"}}],\"inLanguage\":\"en-US\"}]}<\/script>\n<!-- \/ Yoast SEO plugin. -->","yoast_head_json":{"title":"Therapy - Duplicator hjemmeside","robots":{"index":"noindex","follow":"follow","max-snippet":"max-snippet:-1","max-image-preview":"max-image-preview:large","max-video-preview":"max-video-preview:-1"},"og_locale":"en_US","og_type":"article","og_title":"Therapy - Duplicator hjemmeside","og_description":"TherapyA safe space for understanding, change, and self-careTherapy can help you better understand yourself, find new ways of managing life\u2019s demands, and meet yourself with greater kindness. Together, we work with both vulnerabilities and strengths \u2013 keeping the whole of you in focus. In therapy, the focus is on both understanding and change. You will [&hellip;]","og_url":"https:\/\/luisekamp.offbeatudvikling.dk\/en\/therapy\/","og_site_name":"Duplicator hjemmeside","article_modified_time":"2026-02-10T07:48:52+00:00","twitter_card":"summary_large_image","twitter_misc":{"Est. reading time":"8 minutes"},"schema":{"@context":"https:\/\/schema.org","@graph":[{"@type":"WebPage","@id":"https:\/\/luisekamp.offbeatudvikling.dk\/en\/therapy\/","url":"https:\/\/luisekamp.offbeatudvikling.dk\/en\/therapy\/","name":"Therapy - Duplicator hjemmeside","isPartOf":{"@id":"https:\/\/luisekamp.offbeatudvikling.dk\/en\/#website"},"datePublished":"2026-01-28T09:35:41+00:00","dateModified":"2026-02-10T07:48:52+00:00","breadcrumb":{"@id":"https:\/\/luisekamp.offbeatudvikling.dk\/en\/therapy\/#breadcrumb"},"inLanguage":"en-US","potentialAction":[{"@type":"ReadAction","target":["https:\/\/luisekamp.offbeatudvikling.dk\/en\/therapy\/"]}]},{"@type":"BreadcrumbList","@id":"https:\/\/luisekamp.offbeatudvikling.dk\/en\/therapy\/#breadcrumb","itemListElement":[{"@type":"ListItem","position":1,"name":"Hjem","item":"https:\/\/luisekamp.offbeatudvikling.dk\/en\/"},{"@type":"ListItem","position":2,"name":"Therapy"}]},{"@type":"WebSite","@id":"https:\/\/luisekamp.offbeatudvikling.dk\/en\/#website","url":"https:\/\/luisekamp.offbeatudvikling.dk\/en\/","name":"Duplicator hjemmeside","description":"Tema fra Offbeat media","potentialAction":[{"@type":"SearchAction","target":{"@type":"EntryPoint","urlTemplate":"https:\/\/luisekamp.offbeatudvikling.dk\/en\/?s={search_term_string}"},"query-input":{"@type":"PropertyValueSpecification","valueRequired":true,"valueName":"search_term_string"}}],"inLanguage":"en-US"}]}},"_links":{"self":[{"href":"https:\/\/luisekamp.offbeatudvikling.dk\/en\/wp-json\/wp\/v2\/pages\/436","targetHints":{"allow":["GET"]}}],"collection":[{"href":"https:\/\/luisekamp.offbeatudvikling.dk\/en\/wp-json\/wp\/v2\/pages"}],"about":[{"href":"https:\/\/luisekamp.offbeatudvikling.dk\/en\/wp-json\/wp\/v2\/types\/page"}],"author":[{"embeddable":true,"href":"https:\/\/luisekamp.offbeatudvikling.dk\/en\/wp-json\/wp\/v2\/users\/4"}],"replies":[{"embeddable":true,"href":"https:\/\/luisekamp.offbeatudvikling.dk\/en\/wp-json\/wp\/v2\/comments?post=436"}],"version-history":[{"count":0,"href":"https:\/\/luisekamp.offbeatudvikling.dk\/en\/wp-json\/wp\/v2\/pages\/436\/revisions"}],"wp:attachment":[{"href":"https:\/\/luisekamp.offbeatudvikling.dk\/en\/wp-json\/wp\/v2\/media?parent=436"}],"curies":[{"name":"wp","href":"https:\/\/api.w.org\/{rel}","templated":true}]}}